{"id":5340,"date":"2023-08-30T13:22:14","date_gmt":"2023-08-30T11:22:14","guid":{"rendered":"https:\/\/dcompany.no\/setup-of-altinn-integration\/"},"modified":"2024-07-16T10:08:37","modified_gmt":"2024-07-16T08:08:37","slug":"setup-of-altinn-integration","status":"publish","type":"page","link":"https:\/\/dcompany.no\/en\/setup-of-altinn-integration\/","title":{"rendered":"Setup of Altinn integration"},"content":{"rendered":"\n<div style=\"height:87px\" aria-hidden=\"true\" class=\"wp-block-spacer\"><\/div>\n\n<h1 class=\"wp-block-heading\">Setup by Altinn<\/h1>\n\n<p>A step-by-step guide on how to create the Altinn link for your company, so you&#8217;re ready to send forms directly from dCompany to Altinn.  <\/p>\n\n<h2 class=\"wp-block-heading\">Part 1: What do you have to do in Altinn?<\/h2>\n\n<h3 class=\"wp-block-heading\">Step 1<\/h3>\n\n<p>Go to <a href=\"https:\/\/www.altinn.no\/\" target=\"_blank\" rel=\"noreferrer noopener\">Altinn.no<\/a> and log in. After logging in, you must choose which actor you will represent. Here you have two options: i) you as a person <strong>(recommended)<\/strong> or ii) the company you will represent. The advantage of choosing you as a person is that you can reuse the same login details for all companies you represent.  <\/p>\n\n<p>In the menu at the top of the page, you can click on &#8220;Profile&#8221;, then select &#8220;Advanced settings&#8221;.  <\/p>\n\n<figure class=\"wp-block-image\"><img decoding=\"async\" src=\"https:\/\/lh3.googleusercontent.com\/63pT2024UmNsXvEV8gH2CYbszAEc3pqYvAXdBLNHygnBWau4NdVdHxgTHkoJKe8gT5ODuZlqj2IUXAjYdhwBJvXCnw2TvRrYfh-bLn4Q17wL1zvBK70dioDC-8a0Egj9c3SgKxrIVxqI0oVzx-aOAM_H9pL4-KbrntIiiarevWvJnVgLfd_55czsRHu76g\" alt=\"\"\/><\/figure>\n\n<h3 class=\"wp-block-heading\">Step 2<\/h3>\n\n<p>Scroll down to &#8220;Login information&#8221;. Here we will create the username and password that you will use when submitting forms from dCompany to Altinn.<\/p>\n\n<ul class=\"wp-block-list\">\n<li>Enter an optional username. It should not be used anywhere.<\/li>\n\n\n\n<li>Create your own password by clicking on &#8220;Change password&#8221;. Try to avoid \u00e6, \u00f8 and \u00e5, as well as special characters. The password must be used every time you send a form from dCompany to Altinn. If you have forgotten your password, you can press &#8220;Change password&#8221; and create a new one.  <strong>NB!<\/strong>  It may take some time before Altinn allows you to log in with a new password.  <\/li>\n\n\n\n<li>Enter your mobile number. You will receive a one-time code from Altinn when you submit a form.  <\/li>\n\n\n\n<li>Tick \u200b\u200b&#8221;Allow submission from application or system with this username and password&#8221;. Without this, you cannot send forms to Altinn from dCompany.  <\/li>\n\n\n\n<li>Press &#8220;Save&#8221;.  <\/li>\n<\/ul>\n\n<figure class=\"wp-block-image\"><img decoding=\"async\" src=\"https:\/\/lh5.googleusercontent.com\/zAXx44eAewp-LGJU_adkLQFCBfmR2WHE3atE_cbIkTe3TdHnAbmpdf5BhJ2UZqLAWabSrGp-Gxqe17zDz5k6nKcOUr-BGFrKpaB52oxpbtr3TI6MTpQLuYP01XoDe5ynq_A1uNIeApdL3pGEsXaBuqgYQMlfhgIvQaOd7MWFLBUJs6EEKkc6Uzpi0rf_iw\" alt=\"\"\/><\/figure>\n\n<h3 class=\"wp-block-heading\"><strong><\/strong><\/h3>\n\n<h3 class=\"wp-block-heading\">Step 3<\/h3>\n\n<p>Scroll further down to &#8220;Register computer system&#8221;. Here we will get the system ID and create the password that you will use when you establish the connection to Altinn (only done once).  <\/p>\n\n<ul class=\"wp-block-list\">\n<li>Give the system a short description, for example \u201cdcompany\u201d.<\/li>\n\n\n\n<li>In the drop-down menu under &#8220;Type of computer system&#8221;, scroll down to, and select, <strong>dcompany<\/strong> .  <\/li>\n\n\n\n<li>Create a password, it can be anything, and preferably the same as the previous password you created.  <\/li>\n\n\n\n<li>Click &#8220;Add&#8221;, and <strong>dcompany<\/strong> is created on a separate line with its own ID and Description. Together with the password you just created, you must use this ID in dCompany when you set up the connection to Altinn.  <strong>NB!  <\/strong>You should only have one line with dCompany. Delete any duplicate lines (possibly all and create a new link).  <\/li>\n<\/ul>\n\n<figure class=\"wp-block-image\"><img decoding=\"async\" src=\"https:\/\/lh3.googleusercontent.com\/CEbP2fxmiLbuuG2Yb0FNLCCZlSUnlHKEHM_i5aZ6a2HSnYi4kzOl7YbH1JGUlc_1LR2D4JXPmWimt1zPpF-lZ-WvFO7-cybI_u4GGL0KQVd0dMTtoH6ObuEmC25CWcOqKfXYc6-zCEklUDZo2QSallhvSCSOGyV4kN0jxHgxlPPWNAZsJ2fZdFcJ2gLSPg\" alt=\"\"\/><\/figure>\n\n<ul class=\"wp-block-list\">\n<li>Any selections you make under &#8220;Preselected operator&#8221; do not affect the connection. If necessary, tick off the ones you want and move on.  <\/li>\n\n\n\n<li>Click &#8220;Save&#8221;, and you are done with the setup in Altinn!<br\/><em><strong>NB:<\/strong> It can take a while from when you register the password until it is updated in Altinn and is ready for use.<\/em><\/li>\n\n\n\n<li>Continue with <strong>Part 2<\/strong> below to complete the connection.<\/li>\n<\/ul>\n\n<h2 class=\"wp-block-heading\">Part 2: What do you have to do in dCompany?<\/h2>\n\n<h3 class=\"wp-block-heading\">Step 4<\/h3>\n\n<p>Log in to the dCompany platform and select <em>Shareholder book<\/em> -&gt; <em>Report to Altinn<\/em> for the company you want to create an Altinn link for.  <\/p>\n\n<p>In the screen below, you must enter the system ID and password from step 3. Remember to enter the five-digit code from Altinn.<\/p>\n\n<figure class=\"wp-block-image\"><img decoding=\"async\" src=\"https:\/\/dcompany.no\/content\/uploads\/2023\/01\/Bilde1.png\" alt=\"\" class=\"wp-image-2021\"\/><\/figure>\n\n<p>After filling in the information above, you will get the screen below. Enter your national ID number\/username and password from step 2.<\/p>\n\n<figure class=\"wp-block-image\"><img decoding=\"async\" src=\"https:\/\/dcompany.no\/content\/uploads\/2023\/01\/image-1.png\" alt=\"\" class=\"wp-image-2022\"\/><\/figure>\n\n<p>You will now receive a one-time code via SMS. Fill in this and you will be able to see data from last year, as well as submit this year&#8217;s shareholder register statement.<\/p>\n\n<p><strong>Voil\u00e0! You&#8217;ve now set up Altinn Link for your company and are ready to submit forms directly from dCompany!  <\/strong><\/p>\n\n<p>Still wondering about something?<\/p>\n","protected":false},"excerpt":{"rendered":"<p>Setup by Altinn A step-by-step guide on how to create the Altinn link for your company, so you&#8217;re ready to [&hellip;]<\/p>\n","protected":false},"author":3,"featured_media":0,"parent":0,"menu_order":0,"comment_status":"closed","ping_status":"closed","template":"","meta":{"content-type":"","footnotes":""},"class_list":["post-5340","page","type-page","status-publish","hentry"],"_links":{"self":[{"href":"https:\/\/dcompany.no\/en\/wp-json\/wp\/v2\/pages\/5340","targetHints":{"allow":["GET"]}}],"collection":[{"href":"https:\/\/dcompany.no\/en\/wp-json\/wp\/v2\/pages"}],"about":[{"href":"https:\/\/dcompany.no\/en\/wp-json\/wp\/v2\/types\/page"}],"author":[{"embeddable":true,"href":"https:\/\/dcompany.no\/en\/wp-json\/wp\/v2\/users\/3"}],"replies":[{"embeddable":true,"href":"https:\/\/dcompany.no\/en\/wp-json\/wp\/v2\/comments?post=5340"}],"version-history":[{"count":1,"href":"https:\/\/dcompany.no\/en\/wp-json\/wp\/v2\/pages\/5340\/revisions"}],"predecessor-version":[{"id":5353,"href":"https:\/\/dcompany.no\/en\/wp-json\/wp\/v2\/pages\/5340\/revisions\/5353"}],"wp:attachment":[{"href":"https:\/\/dcompany.no\/en\/wp-json\/wp\/v2\/media?parent=5340"}],"curies":[{"name":"wp","href":"https:\/\/api.w.org\/{rel}","templated":true}]}}