{"id":8161,"date":"2025-01-27T14:37:52","date_gmt":"2025-01-27T13:37:52","guid":{"rendered":"https:\/\/dcompany.no\/webinars\/"},"modified":"2025-01-28T14:54:55","modified_gmt":"2025-01-28T13:54:55","slug":"webinars","status":"publish","type":"page","link":"https:\/\/dcompany.no\/en\/webinars\/","title":{"rendered":"Webinars"},"content":{"rendered":"\n<div class=\"wp-block-cover alignfull is-light\"><span aria-hidden=\"true\" class=\"wp-block-cover__background has-tertiary-background-color has-background-dim\"><\/span><img loading=\"lazy\" decoding=\"async\" width=\"1250\" height=\"833\" class=\"wp-block-cover__image-background wp-image-8202\" alt=\"\" src=\"https:\/\/dcompany.no\/wp-content\/uploads\/2025\/01\/styrearbeid2.jpg\" data-object-fit=\"cover\" srcset=\"https:\/\/dcompany.no\/wp-content\/uploads\/2025\/01\/styrearbeid2.jpg 1250w, https:\/\/dcompany.no\/wp-content\/uploads\/2025\/01\/styrearbeid2-300x200.jpg 300w, https:\/\/dcompany.no\/wp-content\/uploads\/2025\/01\/styrearbeid2-1024x682.jpg 1024w, https:\/\/dcompany.no\/wp-content\/uploads\/2025\/01\/styrearbeid2-768x512.jpg 768w\" sizes=\"auto, (max-width: 1250px) 100vw, 1250px\" \/><div class=\"wp-block-cover__inner-container has-global-padding is-layout-constrained wp-block-cover-is-layout-constrained\">\n<div class=\"wp-block-group alignwide is-vertical is-layout-flex wp-container-core-group-is-layout-fe9cc265 wp-block-group-is-layout-flex\">\n<div class=\"wp-block-group has-border-color has-contrast-color has-base-background-color has-text-color has-background has-link-color wp-elements-35d89cff2610ceb1b5267e79970a3b27 wp-container-content-432d1f4f is-vertical is-content-justification-stretch is-layout-flex wp-container-core-group-is-layout-d1c29268 wp-block-group-is-layout-flex\" style=\"border-color:#F6F6F6;border-width:1px;border-radius:6px;padding-top:var(--wp--preset--spacing--40);padding-right:var(--wp--preset--spacing--40);padding-bottom:var(--wp--preset--spacing--40);padding-left:var(--wp--preset--spacing--40)\">\n<h4 class=\"wp-block-heading\">Annual general meeting with dCompany<\/h4>\n\n\n\n<p><strong>Every second Thursday at 13.00<\/strong>  <strong>| 30 minutes<\/strong><\/p>\n\n\n\n<p>Learn how you can save valuable time on preparation, execution and follow-up. dCompany automates everything you need: convening, handling of proxies, registration of attendees, voting and minutes. Participants can register their own participation and voting can be done digitally.  <\/p>\n\n\n\n<p>The webinar is practically oriented and ends with a Q&amp;A session.<\/p>\n\n\n\n<p><strong>Webinars spring 2024<\/strong><\/p>\n\n\n\n<ul class=\"wp-block-list\">\n<li>Thursday 6. February at 13:00<\/li>\n\n\n\n<li>Thursday, February 27 at 13:00  <\/li>\n\n\n\n<li>Thursday, March 13 at 13:00  <\/li>\n\n\n\n<li>Thursday, March 27 at 13:00  <\/li>\n\n\n\n<li>Thursday, April 10 at 13.00  <\/li>\n\n\n\n<li>Thursday, April 24 at 13.00  <\/li>\n\n\n\n<li>Thursday, May 8 at 13:00  <\/li>\n\n\n\n<li>Thursday, May 22 at 13:00  <\/li>\n\n\n\n<li>Thursday, June 5 at 13.00  <\/li>\n\n\n\n<li>Thursday, June 19 at 13.00  <\/li>\n<\/ul>\n\n\n\n<div class=\"wp-block-buttons is-content-justification-space-between is-layout-flex wp-container-core-buttons-is-layout-b2891da8 wp-block-buttons-is-layout-flex\">\n<div class=\"wp-block-button is-style-outline is-style-outline--1\"><a class=\"wp-block-button__link wp-element-button\" href=\"https:\/\/airtable.com\/appi1MMsQRH4ljPNz\/pagcQuui4z2P4v8RO\/form\" target=\"_blank\" rel=\"noreferrer noopener\">Registration<\/a><\/div>\n<\/div>\n<\/div>\n\n\n\n<div class=\"wp-block-group has-border-color has-contrast-color has-base-background-color has-text-color has-background has-link-color wp-elements-4ce9e91175500be7d910eb8cd9d1165c wp-container-content-432d1f4f is-vertical is-content-justification-stretch is-layout-flex wp-container-core-group-is-layout-d1c29268 wp-block-group-is-layout-flex\" style=\"border-color:#F6F6F6;border-width:1px;border-radius:6px;padding-top:var(--wp--preset--spacing--40);padding-right:var(--wp--preset--spacing--40);padding-bottom:var(--wp--preset--spacing--40);padding-left:var(--wp--preset--spacing--40)\">\n<h4 class=\"wp-block-heading\">Board work with dCompany<\/h4>\n\n\n\n<p><strong>Every second Thursday at 13.00<\/strong>  <strong>| 30 minutes<\/strong><\/p>\n\n\n\n<p>sdfsdfsdfsdfsdfsdfsd. a\u00f8ksfdj asd\u00e6foij s\u00e6dokfjsadfawsef <\/p>\n\n\n\n<p>The webinar is practically oriented and ends with a Q&amp;A session.<\/p>\n\n\n\n<p><strong>Webinars spring 2024<\/strong><\/p>\n\n\n\n<ul class=\"wp-block-list\">\n<li>Thursday 13 Feb. <\/li>\n\n\n\n<li>Thursday 6. March<\/li>\n\n\n\n<li>Thursday 20. March<\/li>\n\n\n\n<li>Thursday April 3rd <\/li>\n\n\n\n<li>Thursday, May 15 <\/li>\n\n\n\n<li>Thursday, May 29 <\/li>\n\n\n\n<li>Thursday, June 12 <\/li>\n<\/ul>\n\n\n\n<div class=\"wp-block-buttons is-layout-flex wp-block-buttons-is-layout-flex\">\n<div class=\"wp-block-button is-style-outline is-style-outline--2\"><a class=\"wp-block-button__link wp-element-button\" href=\"https:\/\/airtable.com\/appi1MMsQRH4ljPNz\/pag3qB2DMNqjqqkRR\/form\" target=\"_blank\" rel=\"noreferrer noopener\">Registration<\/a><\/div>\n<\/div>\n<\/div>\n\n\n\n<pre class=\"wp-block-code\"><code>\n<\/code><\/pre>\n<\/div>\n<\/div><\/div>\n\n<div style=\"height:29px\" aria-hidden=\"true\" class=\"wp-block-spacer\"><\/div>\n","protected":false},"excerpt":{"rendered":"","protected":false},"author":3,"featured_media":0,"parent":0,"menu_order":0,"comment_status":"closed","ping_status":"closed","template":"wp-custom-template-page-with-light-header-and-wider-breakpoints","meta":{"content-type":"","footnotes":""},"class_list":["post-8161","page","type-page","status-publish","hentry"],"_links":{"self":[{"href":"https:\/\/dcompany.no\/en\/wp-json\/wp\/v2\/pages\/8161","targetHints":{"allow":["GET"]}}],"collection":[{"href":"https:\/\/dcompany.no\/en\/wp-json\/wp\/v2\/pages"}],"about":[{"href":"https:\/\/dcompany.no\/en\/wp-json\/wp\/v2\/types\/page"}],"author":[{"embeddable":true,"href":"https:\/\/dcompany.no\/en\/wp-json\/wp\/v2\/users\/3"}],"replies":[{"embeddable":true,"href":"https:\/\/dcompany.no\/en\/wp-json\/wp\/v2\/comments?post=8161"}],"version-history":[{"count":13,"href":"https:\/\/dcompany.no\/en\/wp-json\/wp\/v2\/pages\/8161\/revisions"}],"predecessor-version":[{"id":8206,"href":"https:\/\/dcompany.no\/en\/wp-json\/wp\/v2\/pages\/8161\/revisions\/8206"}],"wp:attachment":[{"href":"https:\/\/dcompany.no\/en\/wp-json\/wp\/v2\/media?parent=8161"}],"curies":[{"name":"wp","href":"https:\/\/api.w.org\/{rel}","templated":true}]}}